{"id":3312,"date":"2019-04-05T17:04:22","date_gmt":"2019-04-05T17:04:22","guid":{"rendered":"http:\/\/industrialdelbajio.com.mx\/esp\/?post_type=product&#038;p=3312"},"modified":"2020-09-09T22:29:50","modified_gmt":"2020-09-09T22:29:50","slug":"folio-ii06picos-para-pacas","status":"publish","type":"product","link":"https:\/\/industrialdelbajio.com.mx\/esp\/product\/folio-ii06picos-para-pacas\/","title":{"rendered":"FOLIO: II06"},"content":{"rendered":"","protected":false},"excerpt":{"rendered":"<p>\u00a1\u00a1PICOS PARA PACAS!!<\/p>\n<p><strong>MARCA:<\/strong> VERSATECH<\/p>\n<p><strong>A\u00d1O:<\/strong> 2000<\/p>\n<p><strong>PIC<\/strong><strong>OS PARA PACAS<\/strong><\/p>\n<h3><strong>PRECIO DE U$S 1,000 DOLARES<\/strong><\/h3>\n<div class=\"short-description\">\n<p><strong>COMUN\u00cdCATE CON NOSOTROS PARA M\u00c1S INFORMACI\u00d3N.<\/strong><\/p>\n<\/div>\n","protected":false},"featured_media":3315,"template":"","meta":{"_joinchat":[]},"_links":{"self":[{"href":"https:\/\/industrialdelbajio.com.mx\/esp\/wp-json\/wp\/v2\/product\/3312"}],"collection":[{"href":"https:\/\/industrialdelbajio.com.mx\/esp\/wp-json\/wp\/v2\/product"}],"about":[{"href":"https:\/\/industrialdelbajio.com.mx\/esp\/wp-json\/wp\/v2\/types\/product"}],"version-history":[{"count":0,"href":"https:\/\/industrialdelbajio.com.mx\/esp\/wp-json\/wp\/v2\/product\/3312\/revisions"}],"wp:featuredmedia":[{"embeddable":true,"href":"https:\/\/industrialdelbajio.com.mx\/esp\/wp-json\/wp\/v2\/media\/3315"}],"wp:attachment":[{"href":"https:\/\/industrialdelbajio.com.mx\/esp\/wp-json\/wp\/v2\/media?parent=3312"}],"curies":[{"name":"wp","href":"https:\/\/api.w.org\/{rel}","templated":true}]}}