{"id":11416,"date":"2023-02-10T21:34:19","date_gmt":"2023-02-10T21:34:19","guid":{"rendered":"http:\/\/industrialdelbajio.com.mx\/esp\/?post_type=product&#038;p=11416"},"modified":"2023-05-18T15:12:15","modified_gmt":"2023-05-18T15:12:15","slug":"rastra-de-levante-de12-discos","status":"publish","type":"product","link":"https:\/\/industrialdelbajio.com.mx\/esp\/product\/rastra-de-levante-de12-discos\/","title":{"rendered":"RASTRA DE LEVANTE DE 12 DISCOS"},"content":{"rendered":"","protected":false},"excerpt":{"rendered":"<h3><span style=\"color: #000000;\"><strong>\u00a1\u00a1RASTRA DE LEVANTE!!<\/strong><\/span><\/h3>\n<p><span style=\"color: #000000;\"><strong>MARCA:<\/strong>\u00a0INDUSTRIAS AMERICA<\/span><\/p>\n<p><span style=\"color: #000000;\"><strong>MODELO:<\/strong> 1812V<\/span><\/p>\n<p><span style=\"color: #000000;\"><strong>A\u00d1O:<\/strong>\u00a02023<\/span><\/p>\n<p><span style=\"color: #000000;\"><strong>CUENTA CON 12 DISCOS DE 18 PULGADAS<\/strong><\/span><\/p>\n<h3><span style=\"color: #000000;\"><strong>PRECIO DE $ 32,000 PESOS<\/strong><\/span><\/h3>\n<p><span style=\"color: #000000;\"><strong>TAMBI\u00c9N DISPONIBLES SOBRE PEDIDO RASTRAS DE LEVANTE Y JAL\u00d3N DE 12, 14, 16 Y 18 DISCOS.<\/strong><\/span><\/p>\n<p><span style=\"color: #000000;\"><strong>COMUN\u00cdCATE CON NOSOTROS PARA M\u00c1S INFORMACI\u00d3N.<\/strong><\/span><\/p>\n","protected":false},"featured_media":11419,"template":"","meta":{"_joinchat":[]},"_links":{"self":[{"href":"https:\/\/industrialdelbajio.com.mx\/esp\/wp-json\/wp\/v2\/product\/11416"}],"collection":[{"href":"https:\/\/industrialdelbajio.com.mx\/esp\/wp-json\/wp\/v2\/product"}],"about":[{"href":"https:\/\/industrialdelbajio.com.mx\/esp\/wp-json\/wp\/v2\/types\/product"}],"version-history":[{"count":0,"href":"https:\/\/industrialdelbajio.com.mx\/esp\/wp-json\/wp\/v2\/product\/11416\/revisions"}],"wp:featuredmedia":[{"embeddable":true,"href":"https:\/\/industrialdelbajio.com.mx\/esp\/wp-json\/wp\/v2\/media\/11419"}],"wp:attachment":[{"href":"https:\/\/industrialdelbajio.com.mx\/esp\/wp-json\/wp\/v2\/media?parent=11416"}],"curies":[{"name":"wp","href":"https:\/\/api.w.org\/{rel}","templated":true}]}}