{"id":11339,"date":"2023-01-24T16:10:27","date_gmt":"2023-01-24T16:10:27","guid":{"rendered":"http:\/\/industrialdelbajio.com.mx\/esp\/?post_type=product&#038;p=11339"},"modified":"2023-05-18T15:16:33","modified_gmt":"2023-05-18T15:16:33","slug":"rastra-de-levante","status":"publish","type":"product","link":"https:\/\/industrialdelbajio.com.mx\/esp\/product\/rastra-de-levante\/","title":{"rendered":"RASTRA DE LEVANTE"},"content":{"rendered":"","protected":false},"excerpt":{"rendered":"<h3><strong><span style=\"color: #000000;\">\u00a1\u00a1RASTRA DE LEVANTE!!<\/span><\/strong><\/h3>\n<p><span style=\"color: #000000;\"><strong>MARCA:<\/strong> INDUSTRIAS AM\u00c9RICA<\/span><\/p>\n<p><span style=\"color: #000000;\"><strong>MODELO:<\/strong> 2218<\/span><\/p>\n<p><span style=\"color: #000000;\"><strong>A\u00d1O:<\/strong> 2023<\/span><\/p>\n<p><span style=\"color: #000000;\"><strong>CUENTA CON 18 DISCOS DE 3\/16\u00a0<\/strong><\/span><\/p>\n<h3><span style=\"color: #000000;\"><strong>PRECIO DE $ 49,000 PESOS<\/strong><\/span><\/h3>\n<p><span style=\"color: #000000;\"><strong>TAMBI\u00c9N DISPONIBLES SOBRE PEDIDO RASTRAS DE LEVANTE Y JAL\u00d3N DE 12, 14, 16 Y 18 DISCOS.<\/strong><\/span><\/p>\n<p><span style=\"color: #000000;\"><strong>COMUN\u00cdCATE CON NOSOTROS PARA M\u00c1S INFORMACI\u00d3N.<\/strong><\/span><\/p>\n","protected":false},"featured_media":11342,"template":"","meta":{"_joinchat":[]},"_links":{"self":[{"href":"https:\/\/industrialdelbajio.com.mx\/esp\/wp-json\/wp\/v2\/product\/11339"}],"collection":[{"href":"https:\/\/industrialdelbajio.com.mx\/esp\/wp-json\/wp\/v2\/product"}],"about":[{"href":"https:\/\/industrialdelbajio.com.mx\/esp\/wp-json\/wp\/v2\/types\/product"}],"version-history":[{"count":1,"href":"https:\/\/industrialdelbajio.com.mx\/esp\/wp-json\/wp\/v2\/product\/11339\/revisions"}],"predecessor-version":[{"id":11341,"href":"https:\/\/industrialdelbajio.com.mx\/esp\/wp-json\/wp\/v2\/product\/11339\/revisions\/11341"}],"wp:featuredmedia":[{"embeddable":true,"href":"https:\/\/industrialdelbajio.com.mx\/esp\/wp-json\/wp\/v2\/media\/11342"}],"wp:attachment":[{"href":"https:\/\/industrialdelbajio.com.mx\/esp\/wp-json\/wp\/v2\/media?parent=11339"}],"curies":[{"name":"wp","href":"https:\/\/api.w.org\/{rel}","templated":true}]}}